{"id":218,"date":"2012-01-28T10:03:03","date_gmt":"2012-01-28T10:03:03","guid":{"rendered":"http:\/\/www.toitumisnoustaja.com\/toidulisandid\/?page_id=218"},"modified":"2025-03-02T12:02:21","modified_gmt":"2025-03-02T12:02:21","slug":"tellimine","status":"publish","type":"page","link":"https:\/\/www.toitumisnoustaja.com\/toidulisandid\/tellimine\/","title":{"rendered":"NeoLife(GNLD) toodete tellimine"},"content":{"rendered":"<p><strong>Vali NeoLife (GNLD) toodete tellimiseks endale sobiv v\u00f5imalus:<\/strong><\/p>\n<p>*Tooted saab k\u00e4tte Keilast.<\/p>\n<p>*Saatmisel SmartPostiga lisandub postikulu.<\/p>\n<p>*Kiirtellimisel on tarneaeg 2-3p\u00e4eva, lisandub kullertasu 11.- eur.<\/p>\n<ol>\n<li>Saada e-mail: ene.magi@gmail.com<\/li>\n<li>Registreeru edasim\u00fc\u00fcjaks, telli ise <strong><a href=\"https:\/\/neolifeshop.com\/create_account.php?type=reseller&amp;sponsor=46-431104\" target=\"_blank\" rel=\"noopener\">e-poest&#8230;<\/a><\/strong>(soodushinnaga). ID-number on: 46-431104<\/li>\n<li>T\u00e4ida allolev vorm ja Ene M\u00e4gi v\u00f5tab sinuga ise \u00fchendust.<\/li>\n<\/ol>\n<div role=\"form\" class=\"wpcf7\" id=\"wpcf7-f736-o1\" lang=\"en-US\" dir=\"ltr\">\n<div class=\"screen-reader-response\"><p role=\"status\" aria-live=\"polite\" aria-atomic=\"true\"><\/p> <ul><\/ul><\/div>\n<form action=\"\/toidulisandid\/wp-json\/wp\/v2\/pages\/218#wpcf7-f736-o1\" method=\"post\" class=\"wpcf7-form init\" novalidate=\"novalidate\" data-status=\"init\">\n<div style=\"display: none;\">\n<input type=\"hidden\" name=\"_wpcf7\" value=\"736\" \/>\n<input type=\"hidden\" name=\"_wpcf7_version\" value=\"5.6.4\" \/>\n<input type=\"hidden\" name=\"_wpcf7_locale\" value=\"en_US\" \/>\n<input type=\"hidden\" name=\"_wpcf7_unit_tag\" value=\"wpcf7-f736-o1\" \/>\n<input type=\"hidden\" name=\"_wpcf7_container_post\" value=\"0\" \/>\n<input type=\"hidden\" name=\"_wpcf7_posted_data_hash\" value=\"\" \/>\n<\/div>\n<p>Sinu nimi (vajalik)<br \/>\n    <span class=\"wpcf7-form-control-wrap\" data-name=\"your-name\"><input type=\"text\" name=\"your-name\" value=\"\" size=\"40\" class=\"wpcf7-form-control wpcf7-text wpcf7-validates-as-required\" aria-required=\"true\" aria-invalid=\"false\" \/><\/span> <\/p>\n<p>Sinu email (vajalik)<br \/>\n    <span class=\"wpcf7-form-control-wrap\" data-name=\"your-email\"><input type=\"email\" name=\"your-email\" value=\"\" size=\"40\" class=\"wpcf7-form-control wpcf7-text wpcf7-email wpcf7-validates-as-required wpcf7-validates-as-email\" aria-required=\"true\" aria-invalid=\"false\" \/><\/span> <\/p>\n<p>Sinu telefon (vajalik)<br \/>\n    <span class=\"wpcf7-form-control-wrap\" data-name=\"tel-190\"><input type=\"tel\" name=\"tel-190\" value=\"\" size=\"40\" class=\"wpcf7-form-control wpcf7-text wpcf7-tel wpcf7-validates-as-required wpcf7-validates-as-tel\" aria-required=\"true\" aria-invalid=\"false\" \/><\/span> <\/p>\n<p>Sinu k\u00fcsimus ja\/v\u00f5i tellimine?<br \/>\n    <span class=\"wpcf7-form-control-wrap\" data-name=\"your-message\"><textarea name=\"your-message\" cols=\"40\" rows=\"10\" class=\"wpcf7-form-control wpcf7-textarea\" aria-invalid=\"false\"><\/textarea><\/span> <\/p>\n<p><input type=\"submit\" value=\"Saada\" class=\"wpcf7-form-control has-spinner wpcf7-submit\" \/><\/p>\n<p style=\"display: none !important;\"><label>&#916;<textarea name=\"_wpcf7_ak_hp_textarea\" cols=\"45\" rows=\"8\" maxlength=\"100\"><\/textarea><\/label><input type=\"hidden\" id=\"ak_js_1\" name=\"_wpcf7_ak_js\" value=\"70\"\/><script>document.getElementById( \"ak_js_1\" ).setAttribute( \"value\", ( new Date() ).getTime() );<\/script><\/p><div class=\"wpcf7-response-output\" aria-hidden=\"true\"><\/div><\/form><\/div>\n<p>K\u00fcsi infot:<br \/>\nE-mail: <strong>ene.magi@gmail.com<\/strong><\/p>\n<div class=\"page\" title=\"Page 1\">\n<div class=\"layoutArea\">\n<div class=\"column\">\n<p>Veebileht kuulub iseseisvale NeoLife edasim\u00fc\u00fcjale Ene M\u00e4gi<\/p>\n<\/div>\n<\/div>\n<\/div>\n","protected":false},"excerpt":{"rendered":"<p>Vali NeoLife (GNLD) toodete tellimiseks endale sobiv v\u00f5imalus: *Tooted saab k\u00e4tte Keilast. *Saatmisel SmartPostiga lisandub postikulu. *Kiirtellimisel on tarneaeg 2-3p\u00e4eva, lisandub kullertasu 11.- eur. Saada e-mail: ene.magi@gmail.com Registreeru edasim\u00fc\u00fcjaks, telli ise e-poest&#8230;(soodushinnaga). ID-number on: 46-431104 T\u00e4ida allolev vorm ja Ene M\u00e4gi v\u00f5tab sinuga ise \u00fchendust. K\u00fcsi infot: E-mail: ene.magi@gmail.com Veebileht kuulub iseseisvale NeoLife edasim\u00fc\u00fcjale Ene [&hellip;]<\/p>\n","protected":false},"author":3,"featured_media":1296,"parent":0,"menu_order":0,"comment_status":"open","ping_status":"open","template":"landing.php","meta":{"footnotes":""},"class_list":["post-218","page","type-page","status-publish","has-post-thumbnail","hentry","entry","override"],"aioseo_notices":[],"_links":{"self":[{"href":"https:\/\/www.toitumisnoustaja.com\/toidulisandid\/wp-json\/wp\/v2\/pages\/218","targetHints":{"allow":["GET"]}}],"collection":[{"href":"https:\/\/www.toitumisnoustaja.com\/toidulisandid\/wp-json\/wp\/v2\/pages"}],"about":[{"href":"https:\/\/www.toitumisnoustaja.com\/toidulisandid\/wp-json\/wp\/v2\/types\/page"}],"author":[{"embeddable":true,"href":"https:\/\/www.toitumisnoustaja.com\/toidulisandid\/wp-json\/wp\/v2\/users\/3"}],"replies":[{"embeddable":true,"href":"https:\/\/www.toitumisnoustaja.com\/toidulisandid\/wp-json\/wp\/v2\/comments?post=218"}],"version-history":[{"count":82,"href":"https:\/\/www.toitumisnoustaja.com\/toidulisandid\/wp-json\/wp\/v2\/pages\/218\/revisions"}],"predecessor-version":[{"id":1338,"href":"https:\/\/www.toitumisnoustaja.com\/toidulisandid\/wp-json\/wp\/v2\/pages\/218\/revisions\/1338"}],"wp:featuredmedia":[{"embeddable":true,"href":"https:\/\/www.toitumisnoustaja.com\/toidulisandid\/wp-json\/wp\/v2\/media\/1296"}],"wp:attachment":[{"href":"https:\/\/www.toitumisnoustaja.com\/toidulisandid\/wp-json\/wp\/v2\/media?parent=218"}],"curies":[{"name":"wp","href":"https:\/\/api.w.org\/{rel}","templated":true}]}}