{"id":789,"date":"2014-11-23T23:35:16","date_gmt":"2014-11-23T23:35:16","guid":{"rendered":"http:\/\/www.toitumisnoustaja.com\/toidulisandid\/?page_id=789"},"modified":"2017-04-06T07:34:36","modified_gmt":"2017-04-06T07:34:36","slug":"puhas-keskkond","status":"publish","type":"page","link":"https:\/\/www.toitumisnoustaja.com\/toidulisandid\/puhas-keskkond\/","title":{"rendered":"Puhas keskkond"},"content":{"rendered":"<p>Puhas keskkond on inimese tervise ja heaolu seisukohalt \u00e4\u00e4rmiselt oluline. Euroopas puudutavad k\u00f5ige suuremad keskkonnaga seotud terviseprobleemid sise- ja v\u00e4lis\u00f5hu saastatust, vee halba kvaliteeti, viletsaid sanitaarolusid ja ohtlikke kemikaale. Terviseprobleemid, mida nendega seostatakse, on hingamisteede- ja s\u00fcdameveresoonkonna haigused, v\u00e4hk, astma ja allergiad ning samuti viljakush\u00e4ired ja n\u00e4rvis\u00fcsteemi arenguh\u00e4ired.<\/p>\n<p>Igasugune inimtegevus kodumajapidamistes on \u00fchel v\u00f5i teisel viisil keskkonda m\u00f5jutav. Sageli on levinud m\u00f5tteviis, et mida ma ikka saan \u00e4ra teha. Aga usu enda isiklikku panusesse ja sa saad m\u00f5jutada vastutustundliku tarbimisega keskkonna tervist positiivses suunas. See aga t\u00e4hendab ka sinu paremat tervist.<\/p>\n<p>Eesti elanik \u201etoodab\u201c umbes 425kg olmej\u00e4\u00e4tmeid aastas. Kokku kuhjatuna saaksime sellest u.600 000 tonni kaaluva hunniku. Kui aga laoksime selle j\u00e4\u00e4tmem\u00e4e \u00fchemeetrise l\u00e4bim\u00f5\u00f5duga vaalu, v\u00f5iksime sellega \u201esillutada\u201c 3000 kilomeetri pikkuse tee n\u00e4iteks Tallinnast Br\u00fcsselisse ja sealt edasigi. Meil on vaja juba t\u00e4na astuda samme selleks, et koormus loodusele oleks v\u00e4iksem.<\/p>\n<p>Ka mahetoidu tootmine hoiab elukeskkonna puhtama, sest seda ei koormata tehisv\u00e4etiste ja taimekaitsevahenditega. Tarbides mahetooteid hoiad keskkonda ja enda tervist.<\/p>\n<p>Igat NeoLife toodete valmistamist, kasutamist v\u00f5i j\u00e4\u00e4tmete k\u00e4itlemist puudutavat otsust iseloomustab keskkonnan\u00f5uete arvestamine. Nende toodete kasutamisega saame anda oma panuse keskkonna koormuse v\u00e4hendamiseks.<\/p>\n<p>NeoLife puhastusvahendid<br \/>\nPea k\u00f5ikide puhastusprobleemide lahendamiseks kulub NeoLife puhastustoodet v\u00e4hem kui nende poodides m\u00fc\u00fcgil olevaid analooge ja minimaalse doseerimiskogusega saavutatakse maksimaalne puhastusefekt. See aga v\u00e4hendab igast kasutuskorrast tulenevat koormust keskkonnale.<\/p>\n<p>NeoLife Nutriance<br \/>\nNahahooldustooteid, mis aitavad hoida naha noorusliku ja terve, vajad sa imev\u00e4he ja ostetud tootest j\u00e4tkub pikaks ajaks. See t\u00e4hendab ka palju v\u00e4hem purke ja pudeleid, mis omakorda v\u00e4hendab koormust keskkonnale.<\/p>\n<p>Allikad:<br \/>\nwww.eea.europa.eu<br \/>\nwww.maheklubi.ee<br \/>\nhttps:\/\/ee.neolifeshop.com<\/p>\n","protected":false},"excerpt":{"rendered":"<p>Puhas keskkond on inimese tervise ja heaolu seisukohalt \u00e4\u00e4rmiselt oluline. Euroopas puudutavad k\u00f5ige suuremad keskkonnaga seotud terviseprobleemid sise- ja v\u00e4lis\u00f5hu saastatust, vee halba kvaliteeti, viletsaid sanitaarolusid ja ohtlikke kemikaale. Terviseprobleemid, mida nendega seostatakse, on hingamisteede- ja s\u00fcdameveresoonkonna haigused, v\u00e4hk, astma ja allergiad ning samuti viljakush\u00e4ired ja n\u00e4rvis\u00fcsteemi arenguh\u00e4ired. Igasugune inimtegevus kodumajapidamistes on \u00fchel v\u00f5i teisel [&hellip;]<\/p>\n","protected":false},"author":3,"featured_media":0,"parent":0,"menu_order":0,"comment_status":"open","ping_status":"open","template":"","meta":{"footnotes":""},"class_list":["post-789","page","type-page","status-publish","hentry","entry","override"],"aioseo_notices":[],"_links":{"self":[{"href":"https:\/\/www.toitumisnoustaja.com\/toidulisandid\/wp-json\/wp\/v2\/pages\/789","targetHints":{"allow":["GET"]}}],"collection":[{"href":"https:\/\/www.toitumisnoustaja.com\/toidulisandid\/wp-json\/wp\/v2\/pages"}],"about":[{"href":"https:\/\/www.toitumisnoustaja.com\/toidulisandid\/wp-json\/wp\/v2\/types\/page"}],"author":[{"embeddable":true,"href":"https:\/\/www.toitumisnoustaja.com\/toidulisandid\/wp-json\/wp\/v2\/users\/3"}],"replies":[{"embeddable":true,"href":"https:\/\/www.toitumisnoustaja.com\/toidulisandid\/wp-json\/wp\/v2\/comments?post=789"}],"version-history":[{"count":8,"href":"https:\/\/www.toitumisnoustaja.com\/toidulisandid\/wp-json\/wp\/v2\/pages\/789\/revisions"}],"predecessor-version":[{"id":1216,"href":"https:\/\/www.toitumisnoustaja.com\/toidulisandid\/wp-json\/wp\/v2\/pages\/789\/revisions\/1216"}],"wp:attachment":[{"href":"https:\/\/www.toitumisnoustaja.com\/toidulisandid\/wp-json\/wp\/v2\/media?parent=789"}],"curies":[{"name":"wp","href":"https:\/\/api.w.org\/{rel}","templated":true}]}}